{"id":3519,"date":"2022-10-23T21:16:36","date_gmt":"2022-10-23T19:16:36","guid":{"rendered":"http:\/\/raphas.de\/wp\/?page_id=3519"},"modified":"2026-01-09T10:48:54","modified_gmt":"2026-01-09T09:48:54","slug":"home","status":"publish","type":"page","link":"http:\/\/raphas.de\/wp\/","title":{"rendered":"Home"},"content":{"rendered":"<p>[vc_row css=&#8221;.vc_custom_1446477188345{padding-top: 0px !important;padding-bottom: 0px !important;}&#8221;][vc_column][rev_slider_vc alias=&#8221;raphas_1&#8243;][\/vc_column][\/vc_row][vc_row content_width=&#8221;grid&#8221; css=&#8221;.vc_custom_1671296756189{padding-top: 60px !important;}&#8221;][vc_column width=&#8221;1\/3&#8243; offset=&#8221;vc_col-lg-4 vc_col-md-4 vc_hidden-sm vc_hidden-xs&#8221;]<div class=\"mkdf-animations-holder mkdf-element-from-bottom\" data-animation=\"mkdf-element-from-bottom\">\n\t<div style=\"transition-delay: 200ms;-webkit-animation-delay: 200ms;animation-delay: 200ms\">\n\t\t[vc_single_image image=&#8221;3521&#8243; img_size=&#8221;full&#8221;][vc_empty_space height=&#8221;40px&#8221;]\t<\/div>\n<\/div>[\/vc_column][vc_column width=&#8221;1\/3&#8243; offset=&#8221;vc_col-lg-offset-0 vc_col-lg-4 vc_col-md-offset-0 vc_col-md-4 vc_col-sm-offset-0 vc_hidden-sm vc_hidden-xs&#8221;]<div class=\"mkdf-animations-holder mkdf-element-from-bottom\" data-animation=\"mkdf-element-from-bottom\">\n\t<div style=\"transition-delay: 400ms;-webkit-animation-delay: 400ms;animation-delay: 400ms\">\n\t\t[vc_single_image image=&#8221;3527&#8243; img_size=&#8221;full&#8221; alignment=&#8221;center&#8221;][vc_empty_space height=&#8221;40px&#8221;]\t<\/div>\n<\/div>[\/vc_column][vc_column width=&#8221;1\/3&#8243; offset=&#8221;vc_col-lg-4 vc_col-md-4 vc_hidden-sm vc_hidden-xs&#8221;]<div class=\"mkdf-animations-holder mkdf-element-from-bottom\" data-animation=\"mkdf-element-from-bottom\">\n\t<div style=\"transition-delay: 600ms;-webkit-animation-delay: 600ms;animation-delay: 600ms\">\n\t\t[vc_single_image image=&#8221;3628&#8243; img_size=&#8221;full&#8221;][vc_empty_space height=&#8221;40px&#8221;]\t<\/div>\n<\/div>[\/vc_column][\/vc_row][vc_row content_aligment=&#8221;center&#8221; css=&#8221;.vc_custom_1671296873319{padding-top: 20px !important;}&#8221;][vc_column width=&#8221;1\/2&#8243; offset=&#8221;vc_col-lg-offset-0 vc_col-lg-4 vc_hidden-lg vc_col-md-offset-0 vc_col-md-4 vc_hidden-md vc_col-sm-offset-0 vc_col-xs-6&#8243;]<div class=\"mkdf-animations-holder mkdf-element-from-bottom\" data-animation=\"mkdf-element-from-bottom\">\n\t<div style=\"transition-delay: 200ms;-webkit-animation-delay: 200ms;animation-delay: 200ms\">\n\t\t[vc_single_image image=&#8221;3527&#8243; img_size=&#8221;200&#215;200&#8243; alignment=&#8221;center&#8221;][vc_empty_space height=&#8221;40px&#8221;]\t<\/div>\n<\/div>[\/vc_column][vc_column width=&#8221;1\/2&#8243; offset=&#8221;vc_col-lg-4 vc_hidden-lg vc_col-md-4 vc_hidden-md vc_col-xs-6&#8243;]<div class=\"mkdf-animations-holder mkdf-element-from-bottom\" data-animation=\"mkdf-element-from-bottom\">\n\t<div style=\"transition-delay: 400ms;-webkit-animation-delay: 400ms;animation-delay: 400ms\">\n\t\t[vc_single_image image=&#8221;3628&#8243; img_size=&#8221;200&#215;200&#8243; alignment=&#8221;center&#8221;][vc_empty_space height=&#8221;40px&#8221;]\t<\/div>\n<\/div>[\/vc_column][\/vc_row][vc_row content_width=&#8221;grid&#8221; content_aligment=&#8221;center&#8221; css=&#8221;.vc_custom_1446634822664{padding-bottom: 20px !important;}&#8221;][vc_column][vc_column_text]<\/p>\n<h2>Wir bieten <span style=\"color: #b02a28;\">Qualit\u00e4t<\/span>, Vielfalt &amp; Genuss.<\/h2>\n<p>[\/vc_column_text][vc_empty_space height=&#8221;19&#8243;][vc_column_text css=&#8221;.vc_custom_1669666480891{padding-right: 12% !important;padding-left: 12% !important;}&#8221;]<\/p>\n<h3>Restaurant &amp; Bar mit frischer, internationaler K\u00fcche und spritzigen Cocktails.<\/h3>\n<p>[\/vc_column_text][vc_empty_space height=&#8221;35&#8243;]<a href=\"http:\/\/raphas.de\/wp\/\" target=\"_blank\"  class=\"mkdf-btn mkdf-btn-medium mkdf-btn-black\"  >\n        <span class=\"mkdf-btn-text\">Speisekarte<\/span>\n<\/a>[vc_empty_space height=&#8221;40px&#8221;][\/vc_column][\/vc_row][vc_row row_type=&#8221;parallax&#8221; content_width=&#8221;grid&#8221; content_aligment=&#8221;center&#8221; full_screen_section_height=&#8221;no&#8221; parallax_background_image=&#8221;3677&#8243; parallax_speed=&#8221;2&#8243; css=&#8221;.vc_custom_1671295365146{margin-top: -10px !important;padding-top: 130px !important;padding-bottom: 130px !important;}&#8221;][vc_column][vc_single_image image=&#8221;107&#8243; img_size=&#8221;full&#8221; alignment=&#8221;center&#8221;][\/vc_column][\/vc_row][vc_row content_width=&#8221;grid&#8221; content_aligment=&#8221;center&#8221; css=&#8221;.vc_custom_1447684022043{padding-top: 48px !important;padding-bottom: 20px !important;}&#8221;][vc_column][vc_column_text]<\/p>\n<h2>VOM CHEF EMPFOHLEN<\/h2>\n<p>[\/vc_column_text][vc_empty_space height=&#8221;19px&#8221;][vc_column_text css=&#8221;.vc_custom_1669669187886{padding-right: 14% !important;padding-left: 14% !important;}&#8221;]Ausgew\u00e4hlte Gerichte aus unserer vielf\u00e4ltigen Speisekarte vom Chef pers\u00f6nlich zusammengestellt.[\/vc_column_text][vc_empty_space height=&#8221;54px&#8221;][vc_row_inner enable_row_overlap=&#8221;&#8221; use_row_box=&#8221;&#8221;][vc_column_inner width=&#8221;1\/2&#8243;]<div class=\"mkdf-menu-list\"><ul class=\"mkdf-ml-holder\"><li class=\"mkdf-ml-item clearfix\">\n\t\t<div class=\"mkdf-ml-item-content\">\n\t\t<div class=\"mkdf-ml-top-holder\">\n\t\t\t<div class=\"mkdf-ml-title-holder\">\n\t\t\t\t<h4 class=\"mkdf-ml-title\">\n\t\t\t\t\t<a href=\"http:\/\/raphas.de\/wp\/?restaurant-menu-item=gambaspfaenchen\">Gambaspf\u00e4nchen<\/a><\/h4>\n\t\t\t<\/div>\n\t\t\t<div class=\"mkdf-ml-dots\"><\/div>\n\n\t\t\t\t\t\t\t<div class=\"mkdf-ml-price-holder\">\n\t\t\t\t\t<h4 class=\"mkdf-ml-price\">15,50 \u20ac<\/h4>\n\t\t\t\t<\/div>\n\n\t\t\t\t\t<\/div>\n\t\t<div class=\"mkdf-ml-bottom-holder clearfix\">\n\t\t\t<div class=\"mkdf-ml-excerpt-holder\">\n\t\t\t\t<p>Gambas in Oliven\u00f6l gebraten, mit frischem Knoblauch, Chilli, Paprika und offenfrischem Baguette &#038; Ajoli<\/p>\n\t\t\t<\/div>\n\n\t\t\t\t\t\t\t<div class=\"mkdf-ml-label-holder\">\n\t\t\t\t\t<span class=\"mkdf-ml-label\">Recomended<\/span>\n\t\t\t\t<\/div>\n\t\t\t\t\t<\/div>\n\t<\/div>\n\n<\/li>\n<li class=\"mkdf-ml-item clearfix\">\n\t\t<div class=\"mkdf-ml-item-content\">\n\t\t<div class=\"mkdf-ml-top-holder\">\n\t\t\t<div class=\"mkdf-ml-title-holder\">\n\t\t\t\t<h4 class=\"mkdf-ml-title\">\n\t\t\t\t\t<a href=\"http:\/\/raphas.de\/wp\/?restaurant-menu-item=gemischter-salatteller-sweet-chili\">Gemischter Salatteller<\/a><\/h4>\n\t\t\t<\/div>\n\t\t\t<div class=\"mkdf-ml-dots\"><\/div>\n\n\t\t\t\t\t\t\t<div class=\"mkdf-ml-price-holder\">\n\t\t\t\t\t<h4 class=\"mkdf-ml-price\">16,50 \u20ac<\/h4>\n\t\t\t\t<\/div>\n\n\t\t\t\t\t<\/div>\n\t\t<div class=\"mkdf-ml-bottom-holder clearfix\">\n\t\t\t<div class=\"mkdf-ml-excerpt-holder\">\n\t\t\t\t<p>Gemischter Salat mit gebratenen H\u00e4hnchenbruststreifen (Sweet Chili mariniert) <\/p>\n\t\t\t<\/div>\n\n\t\t\t\t\t\t\t<div class=\"mkdf-ml-label-holder\">\n\t\t\t\t\t<span class=\"mkdf-ml-label\">hot<\/span>\n\t\t\t\t<\/div>\n\t\t\t\t\t<\/div>\n\t<\/div>\n\n<\/li>\n<li class=\"mkdf-ml-item clearfix\">\n\t\t<div class=\"mkdf-ml-item-content\">\n\t\t<div class=\"mkdf-ml-top-holder\">\n\t\t\t<div class=\"mkdf-ml-title-holder\">\n\t\t\t\t<h4 class=\"mkdf-ml-title\">\n\t\t\t\t\t<a href=\"http:\/\/raphas.de\/wp\/?restaurant-menu-item=calzone-pulled-pork-bbq\">Gro\u00dfer Salatteller mit gebratenen Gambas<\/a><\/h4>\n\t\t\t<\/div>\n\t\t\t<div class=\"mkdf-ml-dots\"><\/div>\n\n\t\t\t\t\t\t\t<div class=\"mkdf-ml-price-holder\">\n\t\t\t\t\t<h4 class=\"mkdf-ml-price\">17,90 \u20ac<\/h4>\n\t\t\t\t<\/div>\n\n\t\t\t\t\t<\/div>\n\t\t<div class=\"mkdf-ml-bottom-holder clearfix\">\n\t\t\t<div class=\"mkdf-ml-excerpt-holder\">\n\t\t\t\t<p>Gemischter Salat mit gebratenen Gambas  (Dressing: Honig-Senf oder Tr\u00fcffel-Balsamico-Vinaigrette)<\/p>\n\t\t\t<\/div>\n\n\t\t\t\t\t<\/div>\n\t<\/div>\n\n<\/li>\n<li class=\"mkdf-ml-item clearfix\">\n\t\t<div class=\"mkdf-ml-item-content\">\n\t\t<div class=\"mkdf-ml-top-holder\">\n\t\t\t<div class=\"mkdf-ml-title-holder\">\n\t\t\t\t<h4 class=\"mkdf-ml-title\">\n\t\t\t\t\t<a href=\"http:\/\/raphas.de\/wp\/?restaurant-menu-item=jim-beam-schnitzel\">Jim Beam Schnitzel<\/a><\/h4>\n\t\t\t<\/div>\n\t\t\t<div class=\"mkdf-ml-dots\"><\/div>\n\n\t\t\t\t\t\t\t<div class=\"mkdf-ml-price-holder\">\n\t\t\t\t\t<h4 class=\"mkdf-ml-price\">17,90 \u20ac<\/h4>\n\t\t\t\t<\/div>\n\n\t\t\t\t\t<\/div>\n\t\t<div class=\"mkdf-ml-bottom-holder clearfix\">\n\t\t\t<div class=\"mkdf-ml-excerpt-holder\">\n\t\t\t\t<p>Whiskey-Pfefferrahm-Sauce mit Pommes Frites<\/p>\n\t\t\t<\/div>\n\n\t\t\t\t\t<\/div>\n\t<\/div>\n\n<\/li>\n<li class=\"mkdf-ml-item clearfix\">\n\t\t<div class=\"mkdf-ml-item-content\">\n\t\t<div class=\"mkdf-ml-top-holder\">\n\t\t\t<div class=\"mkdf-ml-title-holder\">\n\t\t\t\t<h4 class=\"mkdf-ml-title\">\n\t\t\t\t\t<a href=\"http:\/\/raphas.de\/wp\/?restaurant-menu-item=pulled-pork-burger\">Pulled Pork Burger<\/a><\/h4>\n\t\t\t<\/div>\n\t\t\t<div class=\"mkdf-ml-dots\"><\/div>\n\n\t\t\t\t\t\t\t<div class=\"mkdf-ml-price-holder\">\n\t\t\t\t\t<h4 class=\"mkdf-ml-price\">15,90 \u20ac<\/h4>\n\t\t\t\t<\/div>\n\n\t\t\t\t\t<\/div>\n\t\t<div class=\"mkdf-ml-bottom-holder clearfix\">\n\t\t\t<div class=\"mkdf-ml-excerpt-holder\">\n\t\t\t\t<p>Schweinefleisch-Burger, Cole Slaw und Pommes Frites<\/p>\n\t\t\t<\/div>\n\n\t\t\t\t\t<\/div>\n\t<\/div>\n\n<\/li>\n<\/ul><\/div>[\/vc_column_inner][vc_column_inner width=&#8221;1\/2&#8243;]<div class=\"mkdf-menu-list\"><ul class=\"mkdf-ml-holder\"><li class=\"mkdf-ml-item clearfix\">\n\t\t<div class=\"mkdf-ml-item-content\">\n\t\t<div class=\"mkdf-ml-top-holder\">\n\t\t\t<div class=\"mkdf-ml-title-holder\">\n\t\t\t\t<h4 class=\"mkdf-ml-title\">\n\t\t\t\t\t<a href=\"http:\/\/raphas.de\/wp\/?restaurant-menu-item=western-schnitzel-2\">Western Schnitzel<\/a><\/h4>\n\t\t\t<\/div>\n\t\t\t<div class=\"mkdf-ml-dots\"><\/div>\n\n\t\t\t\t\t\t\t<div class=\"mkdf-ml-price-holder\">\n\t\t\t\t\t<h4 class=\"mkdf-ml-price\">18,90 \u20ac<\/h4>\n\t\t\t\t<\/div>\n\n\t\t\t\t\t<\/div>\n\t\t<div class=\"mkdf-ml-bottom-holder clearfix\">\n\t\t\t<div class=\"mkdf-ml-excerpt-holder\">\n\t\t\t\t<p>Krosser Bacon, Jalape\u00f1os, geriebener Mozzarella \u00fcberbacken, dazu Pommes Frites<\/p>\n\t\t\t<\/div>\n\n\t\t\t\t\t<\/div>\n\t<\/div>\n\n<\/li>\n<li class=\"mkdf-ml-item clearfix\">\n\t\t<div class=\"mkdf-ml-item-content\">\n\t\t<div class=\"mkdf-ml-top-holder\">\n\t\t\t<div class=\"mkdf-ml-title-holder\">\n\t\t\t\t<h4 class=\"mkdf-ml-title\">\n\t\t\t\t\t<a href=\"http:\/\/raphas.de\/wp\/?restaurant-menu-item=spare-ribs-500-g\">Spare Ribs<\/a><\/h4>\n\t\t\t<\/div>\n\t\t\t<div class=\"mkdf-ml-dots\"><\/div>\n\n\t\t\t\t\t\t\t<div class=\"mkdf-ml-price-holder\">\n\t\t\t\t\t<h4 class=\"mkdf-ml-price\">20,90 \u20ac<\/h4>\n\t\t\t\t<\/div>\n\n\t\t\t\t\t<\/div>\n\t\t<div class=\"mkdf-ml-bottom-holder clearfix\">\n\t\t\t<div class=\"mkdf-ml-excerpt-holder\">\n\t\t\t\t<p>Schweinerippchen, Cole Slaw und Pommes Frites<\/p>\n\t\t\t<\/div>\n\n\t\t\t\t\t\t\t<div class=\"mkdf-ml-label-holder\">\n\t\t\t\t\t<span class=\"mkdf-ml-label\">500 g<\/span>\n\t\t\t\t<\/div>\n\t\t\t\t\t<\/div>\n\t<\/div>\n\n<\/li>\n<li class=\"mkdf-ml-item clearfix\">\n\t\t<div class=\"mkdf-ml-item-content\">\n\t\t<div class=\"mkdf-ml-top-holder\">\n\t\t\t<div class=\"mkdf-ml-title-holder\">\n\t\t\t\t<h4 class=\"mkdf-ml-title\">\n\t\t\t\t\t<a href=\"http:\/\/raphas.de\/wp\/?restaurant-menu-item=pizza-gambas\">Schnitzel Veerstal<\/a><\/h4>\n\t\t\t<\/div>\n\t\t\t<div class=\"mkdf-ml-dots\"><\/div>\n\n\t\t\t\t\t\t\t<div class=\"mkdf-ml-price-holder\">\n\t\t\t\t\t<h4 class=\"mkdf-ml-price\">18,90 \u20ac<\/h4>\n\t\t\t\t<\/div>\n\n\t\t\t\t\t<\/div>\n\t\t<div class=\"mkdf-ml-bottom-holder clearfix\">\n\t\t\t<div class=\"mkdf-ml-excerpt-holder\">\n\t\t\t\t<p>mit gebratenen Champignons, gew\u00fcrfelten Speck, R\u00f6stzwiebel und mit geriebenem Mozzarella \u00fcberbacken, dazu Pommes Frites<\/p>\n\t\t\t<\/div>\n\n\t\t\t\t\t<\/div>\n\t<\/div>\n\n<\/li>\n<li class=\"mkdf-ml-item clearfix\">\n\t\t<div class=\"mkdf-ml-item-content\">\n\t\t<div class=\"mkdf-ml-top-holder\">\n\t\t\t<div class=\"mkdf-ml-title-holder\">\n\t\t\t\t<h4 class=\"mkdf-ml-title\">\n\t\t\t\t\t<a href=\"http:\/\/raphas.de\/wp\/?restaurant-menu-item=reusrather-kruestchen\">Reusrather Kr\u00fcstchen<\/a><\/h4>\n\t\t\t<\/div>\n\t\t\t<div class=\"mkdf-ml-dots\"><\/div>\n\n\t\t\t\t\t\t\t<div class=\"mkdf-ml-price-holder\">\n\t\t\t\t\t<h4 class=\"mkdf-ml-price\">18,90 \u20ac<\/h4>\n\t\t\t\t<\/div>\n\n\t\t\t\t\t<\/div>\n\t\t<div class=\"mkdf-ml-bottom-holder clearfix\">\n\t\t\t<div class=\"mkdf-ml-excerpt-holder\">\n\t\t\t\t<p>Schnitzel auf Toast mit Schmorzwiebeln, Spiegelei &#038; kleiner Salatgarnitur<\/p>\n\t\t\t<\/div>\n\n\t\t\t\t\t<\/div>\n\t<\/div>\n\n<\/li>\n<li class=\"mkdf-ml-item clearfix\">\n\t\t<div class=\"mkdf-ml-item-content\">\n\t\t<div class=\"mkdf-ml-top-holder\">\n\t\t\t<div class=\"mkdf-ml-title-holder\">\n\t\t\t\t<h4 class=\"mkdf-ml-title\">\n\t\t\t\t\t<a href=\"http:\/\/raphas.de\/wp\/?restaurant-menu-item=raphas-bbq-teller-quer-durch-den-smoker\">Rapha\u00b4s BBQ Teller<\/a><\/h4>\n\t\t\t<\/div>\n\t\t\t<div class=\"mkdf-ml-dots\"><\/div>\n\n\t\t\t\t\t\t\t<div class=\"mkdf-ml-price-holder\">\n\t\t\t\t\t<h4 class=\"mkdf-ml-price\">21,90 \u20ac<\/h4>\n\t\t\t\t<\/div>\n\n\t\t\t\t\t<\/div>\n\t\t<div class=\"mkdf-ml-bottom-holder clearfix\">\n\t\t\t<div class=\"mkdf-ml-excerpt-holder\">\n\t\t\t\t<p>Quer durch den Smoker: Pulled Pork, Bacon Bomb mit Cheddar \u00fcberbacken, Spare Rips, Cole Slaw und Pommes Frites<\/p>\n\t\t\t<\/div>\n\n\t\t\t\t\t\t\t<div class=\"mkdf-ml-label-holder\">\n\t\t\t\t\t<span class=\"mkdf-ml-label\">special<\/span>\n\t\t\t\t<\/div>\n\t\t\t\t\t<\/div>\n\t<\/div>\n\n<\/li>\n<\/ul><\/div>[\/vc_column_inner][\/vc_row_inner][vc_empty_space height=&#8221;40px&#8221;][\/vc_column][\/vc_row][vc_row row_type=&#8221;parallax&#8221; content_width=&#8221;grid&#8221; content_aligment=&#8221;center&#8221; full_screen_section_height=&#8221;no&#8221; parallax_background_image=&#8221;3676&#8243; parallax_speed=&#8221;2&#8243; css=&#8221;.vc_custom_1671295412438{margin-top: -10px !important;padding-top: 130px !important;padding-bottom: 130px !important;}&#8221;][vc_column][vc_empty_space height=&#8221;80px&#8221;][\/vc_column][\/vc_row][vc_row content_width=&#8221;grid&#8221; content_aligment=&#8221;center&#8221; css=&#8221;.vc_custom_1447684022043{padding-top: 48px !important;padding-bottom: 20px !important;}&#8221;][vc_column][vc_row_inner enable_row_overlap=&#8221;&#8221; use_row_box=&#8221;&#8221;][vc_column_inner width=&#8221;1\/2&#8243; offset=&#8221;vc_col-xs-12&#8243;][vc_empty_space height=&#8221;40px&#8221;][vc_text_separator title=&#8221;&#8221;][vc_column_text]<\/p>\n<p style=\"text-align: center;\"><strong><span style=\"vertical-align: inherit;\"><span style=\"vertical-align: inherit;\">Jeden Montag<\/span><\/span><\/strong><\/p>\n<p style=\"text-align: center;\"><strong><span style=\"vertical-align: inherit;\"><span style=\"vertical-align: inherit;\">ALL YOU CAN EAT<\/span><\/span><\/strong><\/p>\n<p style=\"text-align: center;\"><strong><span style=\"vertical-align: inherit;\"><span style=\"vertical-align: inherit;\">Spare Ribs<\/span><\/span><\/strong><\/p>\n<p style=\"text-align: center;\"><strong><span style=\"vertical-align: inherit;\"><span style=\"vertical-align: inherit;\">24,90 \u20ac<\/span><\/span><\/strong><\/p>\n<p style=\"text-align: center;\"><strong>Jeden Sonntag<\/strong><\/p>\n<p style=\"text-align: center;\"><strong>SCHNITZEL-TAG<\/strong><\/p>\n<p style=\"text-align: center;\"><strong>alle gro\u00dfen Schnitzel<\/strong><\/p>\n<p style=\"text-align: center;\"><strong>15,90 \u20ac<\/strong><\/p>\n<p style=\"text-align: center;\"><strong><span style=\"vertical-align: inherit;\"><span style=\"vertical-align: inherit;\">Tischreservierung unter <\/span><\/span><\/strong><\/p>\n<p style=\"text-align: center;\"><strong><span style=\"vertical-align: inherit;\"><span style=\"vertical-align: inherit;\">info@raphas.de<\/span><\/span><\/strong><\/p>\n<p>[\/vc_column_text][vc_empty_space height=&#8221;40px&#8221;][\/vc_column_inner][vc_column_inner width=&#8221;1\/2&#8243; offset=&#8221;vc_col-xs-12&#8243;]<div class=\"mkdf-working-hours-holder mkdf-wh-with-frame mkdf-wh-with-bg-image\" style=\"background-image: url(http:\/\/raphas.de\/wp\/wp-content\/uploads\/2022\/12\/home-1-slide-background_75-1.png)\">\n\t<div class=\"mkdf-wh-holder-inner\">\n\t\t\t\t\t<div class=\"mkdf-wh-frame\"><\/div>\n\t\t\t<div class=\"mkdf-wh-frame-2\"><\/div>\n\t\t\n\t\t\t\t\t\t\t\t\t\t\t<div class=\"mkdf-wh-title-holder\">\n\t\t\t\t\t\t<h2 class=\"mkdf-wh-title\">\u00d6FFNUNGS\t\t\t\t\t\t\t\t\t\t\t\t\t\t\t<span class=\"mkdf-wh-title-accent-word\">ZEITEN<\/span>\n\t\t\t\t\t\t\t\t\t\t\t\t\t<\/h2>\n\t\t\t\t\t<\/div>\n\t\t\t\t\n\t\t\t\t\t\t\t<div class=\"mkdf-wh-item clearfix\">\n\t\t\t\t\t<span class=\"mkdf-wh-day\">\n\t\t\t\t\t\t<span class=\"mkdf-wh-icon\">\n\t\t\t\t\t\t\t<span class=\"icon_clock_alt\"><\/span>\n\t\t\t\t\t\t<\/span>\n\t\t\t\t\t\tMontag\t\t\t\t\t<\/span>\n\t\t\t\t\t<span class=\"mkdf-wh-dots\"><span class=\"mkdf-wh-dots-inner\"><\/span><\/span>\n\t\t\t\t\t<span class=\"mkdf-wh-hours\">\n\t\t\t\t\t\t\t\t\t\t\t\t\t<span class=\"mkdf-wh-from\">17:30<\/span>\n\t\t\t\t\t\t\n\t\t\t\t\t\t\t\t\t\t\t\t\t<span class=\"mkdf-wh-delimiter\">-<\/span>\n\t\t\t\t\t\t\t<span class=\"mkdf-wh-to\">22:00<\/span>\n\t\t\t\t\t\t\t\t\t\t\t<\/span>\n\t\t\t\t<\/div>\n\t\t\t\t\t\t\t<div class=\"mkdf-wh-item clearfix\">\n\t\t\t\t\t<span class=\"mkdf-wh-day\">\n\t\t\t\t\t\t<span class=\"mkdf-wh-icon\">\n\t\t\t\t\t\t\t<span class=\"icon_clock_alt\"><\/span>\n\t\t\t\t\t\t<\/span>\n\t\t\t\t\t\tDienstag\t\t\t\t\t<\/span>\n\t\t\t\t\t<span class=\"mkdf-wh-dots\"><span class=\"mkdf-wh-dots-inner\"><\/span><\/span>\n\t\t\t\t\t<span class=\"mkdf-wh-hours\">\n\t\t\t\t\t\t\t\t\t\t\t\t\t<span class=\"mkdf-wh-from\">geschlossen<\/span>\n\t\t\t\t\t\t\n\t\t\t\t\t\t\t\t\t\t\t<\/span>\n\t\t\t\t<\/div>\n\t\t\t\t\t\t\t<div class=\"mkdf-wh-item clearfix\">\n\t\t\t\t\t<span class=\"mkdf-wh-day\">\n\t\t\t\t\t\t<span class=\"mkdf-wh-icon\">\n\t\t\t\t\t\t\t<span class=\"icon_clock_alt\"><\/span>\n\t\t\t\t\t\t<\/span>\n\t\t\t\t\t\tMittwoch\t\t\t\t\t<\/span>\n\t\t\t\t\t<span class=\"mkdf-wh-dots\"><span class=\"mkdf-wh-dots-inner\"><\/span><\/span>\n\t\t\t\t\t<span class=\"mkdf-wh-hours\">\n\t\t\t\t\t\t\t\t\t\t\t\t\t<span class=\"mkdf-wh-from\">geschlossen<\/span>\n\t\t\t\t\t\t\n\t\t\t\t\t\t\t\t\t\t\t<\/span>\n\t\t\t\t<\/div>\n\t\t\t\t\t\t\t<div class=\"mkdf-wh-item clearfix\">\n\t\t\t\t\t<span class=\"mkdf-wh-day\">\n\t\t\t\t\t\t<span class=\"mkdf-wh-icon\">\n\t\t\t\t\t\t\t<span class=\"icon_clock_alt\"><\/span>\n\t\t\t\t\t\t<\/span>\n\t\t\t\t\t\tDonnerstag\t\t\t\t\t<\/span>\n\t\t\t\t\t<span class=\"mkdf-wh-dots\"><span class=\"mkdf-wh-dots-inner\"><\/span><\/span>\n\t\t\t\t\t<span class=\"mkdf-wh-hours\">\n\t\t\t\t\t\t\t\t\t\t\t\t\t<span class=\"mkdf-wh-from\">17:30<\/span>\n\t\t\t\t\t\t\n\t\t\t\t\t\t\t\t\t\t\t\t\t<span class=\"mkdf-wh-delimiter\">-<\/span>\n\t\t\t\t\t\t\t<span class=\"mkdf-wh-to\">22:00<\/span>\n\t\t\t\t\t\t\t\t\t\t\t<\/span>\n\t\t\t\t<\/div>\n\t\t\t\t\t\t\t<div class=\"mkdf-wh-item clearfix\">\n\t\t\t\t\t<span class=\"mkdf-wh-day\">\n\t\t\t\t\t\t<span class=\"mkdf-wh-icon\">\n\t\t\t\t\t\t\t<span class=\"icon_clock_alt\"><\/span>\n\t\t\t\t\t\t<\/span>\n\t\t\t\t\t\tFreitag\t\t\t\t\t<\/span>\n\t\t\t\t\t<span class=\"mkdf-wh-dots\"><span class=\"mkdf-wh-dots-inner\"><\/span><\/span>\n\t\t\t\t\t<span class=\"mkdf-wh-hours\">\n\t\t\t\t\t\t\t\t\t\t\t\t\t<span class=\"mkdf-wh-from\">17:30<\/span>\n\t\t\t\t\t\t\n\t\t\t\t\t\t\t\t\t\t\t\t\t<span class=\"mkdf-wh-delimiter\">-<\/span>\n\t\t\t\t\t\t\t<span class=\"mkdf-wh-to\">22:00<\/span>\n\t\t\t\t\t\t\t\t\t\t\t<\/span>\n\t\t\t\t<\/div>\n\t\t\t\t\t\t\t<div class=\"mkdf-wh-item clearfix\">\n\t\t\t\t\t<span class=\"mkdf-wh-day\">\n\t\t\t\t\t\t<span class=\"mkdf-wh-icon\">\n\t\t\t\t\t\t\t<span class=\"icon_clock_alt\"><\/span>\n\t\t\t\t\t\t<\/span>\n\t\t\t\t\t\tSamstag\t\t\t\t\t<\/span>\n\t\t\t\t\t<span class=\"mkdf-wh-dots\"><span class=\"mkdf-wh-dots-inner\"><\/span><\/span>\n\t\t\t\t\t<span class=\"mkdf-wh-hours\">\n\t\t\t\t\t\t\t\t\t\t\t\t\t<span class=\"mkdf-wh-from\">17:30<\/span>\n\t\t\t\t\t\t\n\t\t\t\t\t\t\t\t\t\t\t\t\t<span class=\"mkdf-wh-delimiter\">-<\/span>\n\t\t\t\t\t\t\t<span class=\"mkdf-wh-to\">22:00<\/span>\n\t\t\t\t\t\t\t\t\t\t\t<\/span>\n\t\t\t\t<\/div>\n\t\t\t\t\t\t\t<div class=\"mkdf-wh-item clearfix\">\n\t\t\t\t\t<span class=\"mkdf-wh-day\">\n\t\t\t\t\t\t<span class=\"mkdf-wh-icon\">\n\t\t\t\t\t\t\t<span class=\"icon_clock_alt\"><\/span>\n\t\t\t\t\t\t<\/span>\n\t\t\t\t\t\tSonntag\t\t\t\t\t<\/span>\n\t\t\t\t\t<span class=\"mkdf-wh-dots\"><span class=\"mkdf-wh-dots-inner\"><\/span><\/span>\n\t\t\t\t\t<span class=\"mkdf-wh-hours\">\n\t\t\t\t\t\t\t\t\t\t\t\t\t<span class=\"mkdf-wh-from\">17:00<\/span>\n\t\t\t\t\t\t\n\t\t\t\t\t\t\t\t\t\t\t\t\t<span class=\"mkdf-wh-delimiter\">-<\/span>\n\t\t\t\t\t\t\t<span class=\"mkdf-wh-to\">21:00<\/span>\n\t\t\t\t\t\t\t\t\t\t\t<\/span>\n\t\t\t\t<\/div>\n\t\t\t\t\t\t<\/div>\n<\/div>[\/vc_column_inner][\/vc_row_inner][\/vc_column][vc_column][\/vc_column][\/vc_row][vc_row][vc_column][vc_column_text][\/vc_column_text][\/vc_column][\/vc_row]<\/p>\n","protected":false},"excerpt":{"rendered":"<p>[vc_row css=&#8221;.vc_custom_1446477188345{padding-top: 0px !important;padding-bottom: 0px !important;}&#8221;][vc_column][rev_slider_vc alias=&#8221;raphas_1&#8243;][\/vc_column][\/vc_row][vc_row content_width=&#8221;grid&#8221; css=&#8221;.vc_custom_1671296756189{padding-top: 60px !important;}&#8221;][vc_column width=&#8221;1\/3&#8243; offset=&#8221;vc_col-lg-4 vc_col-md-4 vc_hidden-sm vc_hidden-xs&#8221;][\/vc_column][vc_column width=&#8221;1\/3&#8243; offset=&#8221;vc_col-lg-offset-0 vc_col-lg-4 vc_col-md-offset-0 vc_col-md-4 vc_col-sm-offset-0 vc_hidden-sm vc_hidden-xs&#8221;][\/vc_column][vc_column width=&#8221;1\/3&#8243; offset=&#8221;vc_col-lg-4 vc_col-md-4 vc_hidden-sm vc_hidden-xs&#8221;][\/vc_column][\/vc_row][vc_row content_aligment=&#8221;center&#8221; css=&#8221;.vc_custom_1671296873319{padding-top: 20px !important;}&#8221;][vc_column width=&#8221;1\/2&#8243; offset=&#8221;vc_col-lg-offset-0 vc_col-lg-4 vc_hidden-lg vc_col-md-offset-0 vc_col-md-4 vc_hidden-md vc_col-sm-offset-0 vc_col-xs-6&#8243;][\/vc_column][vc_column width=&#8221;1\/2&#8243; offset=&#8221;vc_col-lg-4 vc_hidden-lg&#8230;<\/p>\n","protected":false},"author":1,"featured_media":0,"parent":0,"menu_order":0,"comment_status":"closed","ping_status":"closed","template":"full-width.php","meta":{"_oct_exclude_from_cache":false,"footnotes":""},"class_list":["post-3519","page","type-page","status-publish","hentry"],"_links":{"self":[{"href":"http:\/\/raphas.de\/wp\/index.php?rest_route=\/wp\/v2\/pages\/3519","targetHints":{"allow":["GET"]}}],"collection":[{"href":"http:\/\/raphas.de\/wp\/index.php?rest_route=\/wp\/v2\/pages"}],"about":[{"href":"http:\/\/raphas.de\/wp\/index.php?rest_route=\/wp\/v2\/types\/page"}],"author":[{"embeddable":true,"href":"http:\/\/raphas.de\/wp\/index.php?rest_route=\/wp\/v2\/users\/1"}],"replies":[{"embeddable":true,"href":"http:\/\/raphas.de\/wp\/index.php?rest_route=%2Fwp%2Fv2%2Fcomments&post=3519"}],"version-history":[{"count":59,"href":"http:\/\/raphas.de\/wp\/index.php?rest_route=\/wp\/v2\/pages\/3519\/revisions"}],"predecessor-version":[{"id":3748,"href":"http:\/\/raphas.de\/wp\/index.php?rest_route=\/wp\/v2\/pages\/3519\/revisions\/3748"}],"wp:attachment":[{"href":"http:\/\/raphas.de\/wp\/index.php?rest_route=%2Fwp%2Fv2%2Fmedia&parent=3519"}],"curies":[{"name":"wp","href":"https:\/\/api.w.org\/{rel}","templated":true}]}}